{"id":480,"date":"2019-09-04T18:37:48","date_gmt":"2019-09-04T16:37:48","guid":{"rendered":"https:\/\/troubleinmind.de\/?page_id=480"},"modified":"2020-02-15T13:03:22","modified_gmt":"2020-02-15T12:03:22","slug":"impressum","status":"publish","type":"page","link":"https:\/\/troubleinmind.de\/en\/impressum\/","title":{"rendered":"Imprint"},"content":{"rendered":"<div data-elementor-type=\"wp-post\" data-elementor-id=\"480\" class=\"elementor elementor-480\" data-elementor-post-type=\"page\">\n\t\t\t\t\t\t<section class=\"elementor-section elementor-top-section elementor-element elementor-element-50833a9b elementor-section-boxed elementor-section-height-default elementor-section-height-default\" data-id=\"50833a9b\" data-element_type=\"section\" data-e-type=\"section\">\n\t\t\t\t\t\t<div class=\"elementor-container elementor-column-gap-default\">\n\t\t\t\t\t<div class=\"elementor-column elementor-col-100 elementor-top-column elementor-element elementor-element-307d88b0\" data-id=\"307d88b0\" data-element_type=\"column\" data-e-type=\"column\">\n\t\t\t<div class=\"elementor-widget-wrap elementor-element-populated\">\n\t\t\t\t\t\t<div class=\"elementor-element elementor-element-9422522 elementor-widget elementor-widget-text-editor\" data-id=\"9422522\" data-element_type=\"widget\" data-e-type=\"widget\" data-widget_type=\"text-editor.default\">\n\t\t\t\t<div class=\"elementor-widget-container\">\n\t\t\t\t\t\t\t\t\t<h1>Imprint<\/h1><p>Trouble In Mind GbR<br \/>Zobelstr. 15<br \/>63741 Aschaffenburg<\/p><p>Gesellschafter: Anastasios Kiosses, Christopher Brand, Sebastian Gerard Busch<\/p><div>E-Mail: info@troubleinmind.de<\/div><div>Steuernummer: 204\/153\/51004<br \/>Kein Umsatzsteuerausweis aufgrund Anwendung der Kleinunternehmerregelung gem\u00e4\u00df \u00a7 19 UStG.<\/div><div>\u00a0<\/div><div>Websitegestaltung: <a href=\"https:\/\/future-webz.de\">Future Webz<\/a><\/div><div>\u00a0<\/div><div><p><strong>Nutzungsrechte<\/strong><\/p><p>Die Nutzungsrechte an Inhalten von\u00a0www.troubleinmind.de\/shop liegen grunds\u00e4tzlich bei der <strong>Trouble In Mind GbR<\/strong>. Das Recht der Verwertung richtet sich nach dem Deutschen Urheberrecht. Verwertungshandlungen sind insbesondere nur zum privaten und nicht kommerziellen Gebrauch gestattet. Soweit Inhalte nicht von <strong>Trouble In Mind GbR<\/strong> erstellt wurden, sind bestehende Rechte Dritter zu beachten.<\/p><p><strong>Haftung f\u00fcr unsere Inhalte<\/strong><\/p><p><strong>Trouble In Mind GbR<\/strong> ist bem\u00fcht, das Webseitenangebot stets aktuell und inhaltlich richtig sowie vollst\u00e4ndig anzubieten. Dennoch ist das Auftreten von Fehlern nicht v\u00f6llig auszuschlie\u00dfen.<\/p><p><strong>Trouble In Mind GbR<\/strong> haftet als Diensteanbieter gem\u00e4\u00df \u00a7 7 Abs. 1 TMG f\u00fcr eigene Inhalte. Gem\u00e4\u00df \u00a7\u00a7 8 bis 10 TMG ist es uns jedoch nicht zumutbar, \u00fcbermittelte und gespeicherte fremde Informationen zu \u00fcberwachen oder nach Umst\u00e4nden zu erforschen, die auf eine Rechtsverletzung hinweisen. Davon unber\u00fchrt bleibt jedoch unsere Verpflichtung, zur Entfernung und\/oder Sperrung der Nutzung solcher Informationen, ab dem Zeitpunkt der Kenntnis einer konkreten Rechtsverletzung.<\/p><p><strong>Verweise auf externe Webseiten, Haftung f\u00fcr Links<\/strong><\/p><p>Die Webseiten von <strong>Trouble In Mind GbR <\/strong>enthalten Verweise (Links) zu Informationsangeboten auf Seiten, die nicht der Kontrolle und Verantwortlichkeit von <strong>Trouble In Mind GbR <\/strong>unterliegen.<\/p><p>Trotz sorgf\u00e4ltiger inhaltlicher Kontrolle k\u00f6nnen wir keine Haftung f\u00fcr die Inhalte externer Webseiten \u00fcbernehmen. Eine andauernde inhaltlich Kontrolle der Inhalte der verlinkten Webseiten Dritter ist uns leider nicht zumutbar. F\u00fcr den Inhalt der verlinkten Seiten sind ausschlie\u00dflich deren Betreiber verantwortlich. Wir haben insbesondere auch keinen Einfluss darauf, dass diese die Datenschutzbestimmungen einhalten. Sollten uns jedoch konkrete Rechtsverletzungen bekannt werden, haften wir ab Kenntnis der konkreten Rechtsverletzung.<\/p><p>Dieses Impressum gilt auch f\u00fcr folgende sozialen Netzwerke: Facebook, Twitter, Instagram und YouTube<\/p><p><strong>Trouble In Mind GbR<\/strong> <strong>\u2013 September 2019<\/strong><\/p><\/div><div>\u00a0<\/div><div>\u00a0<\/div>\t\t\t\t\t\t\t\t<\/div>\n\t\t\t\t<\/div>\n\t\t\t\t<div class=\"elementor-element elementor-element-23f423ea elementor-widget elementor-widget-shortcode\" data-id=\"23f423ea\" data-element_type=\"widget\" data-e-type=\"widget\" data-widget_type=\"shortcode.default\">\n\t\t\t\t<div class=\"elementor-widget-container\">\n\t\t\t\t\t\t\t<div class=\"elementor-shortcode\"><div class=\"woocommerce woocommerce-gzd woocommerce-gzd-complaints-shortcode\">\n\t\t\t<h3>Alternative Dispute Resolution in accordance with Art. 14 (1) ODR-VO and \u00a7 36 VSBG:<\/h3>\n\t\nZur Teilnahme an einem Streitbeilegungsverfahren vor einer Verbraucherschlichtungsstelle sind wir nicht verpflichtet und nicht bereit.<\/div><\/div>\n\t\t\t\t\t\t<\/div>\n\t\t\t\t<\/div>\n\t\t\t\t\t<\/div>\n\t\t<\/div>\n\t\t\t\t\t<\/div>\n\t\t<\/section>\n\t\t\t\t<\/div>","protected":false},"excerpt":{"rendered":"<p>Impressum Trouble In Mind GbRZobelstr. 1563741 Aschaffenburg Gesellschafter: Anastasios Kiosses, Christopher Brand, Sebastian Gerard Busch E-Mail: info@troubleinmind.deSteuernummer: 204\/153\/51004Kein Umsatzsteuerausweis aufgrund Anwendung der Kleinunternehmerregelung gem\u00e4\u00df \u00a7 19 UStG.\u00a0Websitegestaltung: Future Webz\u00a0 Nutzungsrechte Die Nutzungsrechte an Inhalten von\u00a0www.troubleinmind.de\/shop liegen grunds\u00e4tzlich bei der Trouble In Mind GbR. Das Recht der Verwertung richtet sich nach dem Deutschen Urheberrecht. Verwertungshandlungen sind [&hellip;]<\/p>\n","protected":false},"author":1,"featured_media":0,"parent":0,"menu_order":0,"comment_status":"closed","ping_status":"closed","template":"elementor_header_footer","meta":{"_acf_changed":false,"footnotes":""},"class_list":["post-480","page","type-page","status-publish","hentry"],"acf":[],"yoast_head":"<!-- This site is optimized with the Yoast SEO plugin v27.4 - https:\/\/yoast.com\/product\/yoast-seo-wordpress\/ -->\n<title>Impressum - Trouble in Mind<\/title>\n<meta name=\"robots\" content=\"index, follow, max-snippet:-1, max-image-preview:large, max-video-preview:-1\" \/>\n<link rel=\"canonical\" href=\"https:\/\/troubleinmind.de\/en\/impressum\/\" \/>\n<meta property=\"og:locale\" content=\"en_US\" \/>\n<meta property=\"og:type\" content=\"article\" \/>\n<meta property=\"og:title\" content=\"Impressum - Trouble in Mind\" \/>\n<meta property=\"og:description\" content=\"Impressum Trouble In Mind GbRZobelstr. 1563741 Aschaffenburg Gesellschafter: Anastasios Kiosses, Christopher Brand, Sebastian Gerard Busch E-Mail: info@troubleinmind.deSteuernummer: 204\/153\/51004Kein Umsatzsteuerausweis aufgrund Anwendung der Kleinunternehmerregelung gem\u00e4\u00df \u00a7 19 UStG.\u00a0Websitegestaltung: Future Webz\u00a0 Nutzungsrechte Die Nutzungsrechte an Inhalten von\u00a0www.troubleinmind.de\/shop liegen grunds\u00e4tzlich bei der Trouble In Mind GbR. Das Recht der Verwertung richtet sich nach dem Deutschen Urheberrecht. Verwertungshandlungen sind [&hellip;]\" \/>\n<meta property=\"og:url\" content=\"https:\/\/troubleinmind.de\/en\/impressum\/\" \/>\n<meta property=\"og:site_name\" content=\"Trouble in Mind\" \/>\n<meta property=\"article:modified_time\" content=\"2020-02-15T12:03:22+00:00\" \/>\n<meta name=\"twitter:card\" content=\"summary_large_image\" \/>\n<meta name=\"twitter:label1\" content=\"Est. reading time\" \/>\n\t<meta name=\"twitter:data1\" content=\"2 minutes\" \/>\n<script type=\"application\/ld+json\" class=\"yoast-schema-graph\">{\"@context\":\"https:\\\/\\\/schema.org\",\"@graph\":[{\"@type\":\"WebPage\",\"@id\":\"https:\\\/\\\/troubleinmind.de\\\/impressum\\\/\",\"url\":\"https:\\\/\\\/troubleinmind.de\\\/impressum\\\/\",\"name\":\"Impressum - Trouble in Mind\",\"isPartOf\":{\"@id\":\"https:\\\/\\\/troubleinmind.de\\\/#website\"},\"datePublished\":\"2019-09-04T16:37:48+00:00\",\"dateModified\":\"2020-02-15T12:03:22+00:00\",\"breadcrumb\":{\"@id\":\"https:\\\/\\\/troubleinmind.de\\\/impressum\\\/#breadcrumb\"},\"inLanguage\":\"en-US\",\"potentialAction\":[{\"@type\":\"ReadAction\",\"target\":[\"https:\\\/\\\/troubleinmind.de\\\/impressum\\\/\"]}]},{\"@type\":\"BreadcrumbList\",\"@id\":\"https:\\\/\\\/troubleinmind.de\\\/impressum\\\/#breadcrumb\",\"itemListElement\":[{\"@type\":\"ListItem\",\"position\":1,\"name\":\"Startseite\",\"item\":\"https:\\\/\\\/troubleinmind.de\\\/\"},{\"@type\":\"ListItem\",\"position\":2,\"name\":\"Impressum\"}]},{\"@type\":\"WebSite\",\"@id\":\"https:\\\/\\\/troubleinmind.de\\\/#website\",\"url\":\"https:\\\/\\\/troubleinmind.de\\\/\",\"name\":\"Trouble in Mind\",\"description\":\"\",\"potentialAction\":[{\"@type\":\"SearchAction\",\"target\":{\"@type\":\"EntryPoint\",\"urlTemplate\":\"https:\\\/\\\/troubleinmind.de\\\/?s={search_term_string}\"},\"query-input\":{\"@type\":\"PropertyValueSpecification\",\"valueRequired\":true,\"valueName\":\"search_term_string\"}}],\"inLanguage\":\"en-US\"}]}<\/script>\n<!-- \/ Yoast SEO plugin. -->","yoast_head_json":{"title":"Impressum - Trouble in Mind","robots":{"index":"index","follow":"follow","max-snippet":"max-snippet:-1","max-image-preview":"max-image-preview:large","max-video-preview":"max-video-preview:-1"},"canonical":"https:\/\/troubleinmind.de\/en\/impressum\/","og_locale":"en_US","og_type":"article","og_title":"Impressum - Trouble in Mind","og_description":"Impressum Trouble In Mind GbRZobelstr. 1563741 Aschaffenburg Gesellschafter: Anastasios Kiosses, Christopher Brand, Sebastian Gerard Busch E-Mail: info@troubleinmind.deSteuernummer: 204\/153\/51004Kein Umsatzsteuerausweis aufgrund Anwendung der Kleinunternehmerregelung gem\u00e4\u00df \u00a7 19 UStG.\u00a0Websitegestaltung: Future Webz\u00a0 Nutzungsrechte Die Nutzungsrechte an Inhalten von\u00a0www.troubleinmind.de\/shop liegen grunds\u00e4tzlich bei der Trouble In Mind GbR. Das Recht der Verwertung richtet sich nach dem Deutschen Urheberrecht. Verwertungshandlungen sind [&hellip;]","og_url":"https:\/\/troubleinmind.de\/en\/impressum\/","og_site_name":"Trouble in Mind","article_modified_time":"2020-02-15T12:03:22+00:00","twitter_card":"summary_large_image","twitter_misc":{"Est. reading time":"2 minutes"},"schema":{"@context":"https:\/\/schema.org","@graph":[{"@type":"WebPage","@id":"https:\/\/troubleinmind.de\/impressum\/","url":"https:\/\/troubleinmind.de\/impressum\/","name":"Impressum - Trouble in Mind","isPartOf":{"@id":"https:\/\/troubleinmind.de\/#website"},"datePublished":"2019-09-04T16:37:48+00:00","dateModified":"2020-02-15T12:03:22+00:00","breadcrumb":{"@id":"https:\/\/troubleinmind.de\/impressum\/#breadcrumb"},"inLanguage":"en-US","potentialAction":[{"@type":"ReadAction","target":["https:\/\/troubleinmind.de\/impressum\/"]}]},{"@type":"BreadcrumbList","@id":"https:\/\/troubleinmind.de\/impressum\/#breadcrumb","itemListElement":[{"@type":"ListItem","position":1,"name":"Startseite","item":"https:\/\/troubleinmind.de\/"},{"@type":"ListItem","position":2,"name":"Impressum"}]},{"@type":"WebSite","@id":"https:\/\/troubleinmind.de\/#website","url":"https:\/\/troubleinmind.de\/","name":"Trouble in Mind","description":"","potentialAction":[{"@type":"SearchAction","target":{"@type":"EntryPoint","urlTemplate":"https:\/\/troubleinmind.de\/?s={search_term_string}"},"query-input":{"@type":"PropertyValueSpecification","valueRequired":true,"valueName":"search_term_string"}}],"inLanguage":"en-US"}]}},"_links":{"self":[{"href":"https:\/\/troubleinmind.de\/en\/wp-json\/wp\/v2\/pages\/480","targetHints":{"allow":["GET"]}}],"collection":[{"href":"https:\/\/troubleinmind.de\/en\/wp-json\/wp\/v2\/pages"}],"about":[{"href":"https:\/\/troubleinmind.de\/en\/wp-json\/wp\/v2\/types\/page"}],"author":[{"embeddable":true,"href":"https:\/\/troubleinmind.de\/en\/wp-json\/wp\/v2\/users\/1"}],"replies":[{"embeddable":true,"href":"https:\/\/troubleinmind.de\/en\/wp-json\/wp\/v2\/comments?post=480"}],"version-history":[{"count":9,"href":"https:\/\/troubleinmind.de\/en\/wp-json\/wp\/v2\/pages\/480\/revisions"}],"predecessor-version":[{"id":3591,"href":"https:\/\/troubleinmind.de\/en\/wp-json\/wp\/v2\/pages\/480\/revisions\/3591"}],"wp:attachment":[{"href":"https:\/\/troubleinmind.de\/en\/wp-json\/wp\/v2\/media?parent=480"}],"curies":[{"name":"wp","href":"https:\/\/api.w.org\/{rel}","templated":true}]}}