{"id":244,"date":"2019-05-22T19:14:19","date_gmt":"2019-05-22T17:14:19","guid":{"rendered":"http:\/\/www.troubleinmind.de\/?page_id=244"},"modified":"2023-06-26T17:26:22","modified_gmt":"2023-06-26T15:26:22","slug":"agbs","status":"publish","type":"page","link":"https:\/\/troubleinmind.de\/en\/agbs\/","title":{"rendered":"General terms and conditions"},"content":{"rendered":"<div data-elementor-type=\"wp-post\" data-elementor-id=\"244\" class=\"elementor elementor-244\" data-elementor-post-type=\"page\">\n\t\t\t\t\t\t<section class=\"elementor-section elementor-top-section elementor-element elementor-element-b16b8a7 elementor-section-boxed elementor-section-height-default elementor-section-height-default\" data-id=\"b16b8a7\" data-element_type=\"section\" data-e-type=\"section\">\n\t\t\t\t\t\t<div class=\"elementor-container elementor-column-gap-default\">\n\t\t\t\t\t<div class=\"elementor-column elementor-col-100 elementor-top-column elementor-element elementor-element-32e6567\" data-id=\"32e6567\" data-element_type=\"column\" data-e-type=\"column\">\n\t\t\t<div class=\"elementor-widget-wrap elementor-element-populated\">\n\t\t\t\t\t\t<div class=\"elementor-element elementor-element-cbfa6f7 elementor-widget elementor-widget-text-editor\" data-id=\"cbfa6f7\" data-element_type=\"widget\" data-e-type=\"widget\" data-widget_type=\"text-editor.default\">\n\t\t\t\t<div class=\"elementor-widget-container\">\n\t\t\t\t\t\t\t\t\t<h1>General terms and conditions<\/h1>\n<p>Allgemeine Gesch\u00e4ftsbedingungen f\u00fcr Trouble in Mind &#8211; Onlineshop, betrieben von der<br>Trouble In Mind GbR,<br>Zobelstr. 15,<br>63741 Aschaffenburg,<br>Deutschland<\/p>\n<p>Steuernummer: 204\/153\/51004<br>Kein Umsatzsteuerausweis aufgrund Anwendung der Kleinunternehmerregelung gem\u00e4\u00df \u00a7 19 UStG.<\/p>\n\n<p><\/p>\n<p>\u00a7 1 Allgemeine Informationen, angebotene Dienstleistungen<br>1. Trouble In Mind GbR betreibt unter der Domain https:\/\/troubleinmind.de einen Online-Shop. Die Trouble In Mind GbR bietet seinen Kunden auf der vorbenannten Website Produkte mit Namen, Abbildungen und sonstigen werbewirksamen Kennzeichen des K\u00fcnstlers\/derMusikgruppe &#8222;Trouble In Mind&#8220; (nachfolgend insgesamt: &#8222;Merchandisingprodukte&#8220; genannt) sowie Tonaufnahmen in Form<br>von Datentr\u00e4gern zum Kauf \u00fcber das Internet an.<br>2. Kunden i.S. unserer Allgemeinen Gesch\u00e4ftsbedingungen (nachfolgend: &#8222;AGB&#8220; genannt) sind<br>sowohl Verbraucher als auch Unternehmer. Verbraucher i. S. unserer Allgemeinen<br>Gesch\u00e4ftsbedingungen sind nat\u00fcrliche Personen, mit denen in Gesch\u00e4ftsbeziehung getreten wird,<br>ohne dass diesen eine gewerbliche oder eine selbstst\u00e4ndige berufliche T\u00e4tigkeit zugerechnet<br>werden kann. Unternehmer i. S. unserer Allgemeinen Gesch\u00e4ftsbedingungen sind nat\u00fcrliche oder<br>juristische Personen oder rechtsf\u00e4hige Personengesellschaften, mit denen in Gesch\u00e4ftsbeziehung<br>getreten wird, die in Aus\u00fcbung einer gewerblichen oder selbstst\u00e4ndigen beruflichen T\u00e4tigkeit<br>handeln.<br>\u00a7 2 Bestellvorgang und Vertragsschluss vorgefertigter \/ nach Kundenspezifikation hergestellter<br>Ware. Im ersten Bestellschritt k\u00f6nnen Sie sich oben rechts auf der Seite \u00fcber den Button<br>\u201cBenutzerkonto\u201c durch Eingabe Ihrer E- Mail- Adresse und des von Ihnen in fr\u00fcheren Bestellungen<br>gew\u00e4hlten Passwortes anmelden. Danach erscheint Ihr angegebener Name und Sie k\u00f6nnen auf Ihr<br>angelegtes Konto zugreifen. Andernfalls registrieren Sie sich sp\u00e4ter im Bestellvorgang.<br>Bestellvorgang<br>a. Die Darstellung der Sortimente der Ware in unserem Onlineshop stellt kein Angebot i.S.d. \u00a7 145<br>BGB dar. Die wesentlichen Merkmale der jeweiligen Ware finden Sie bei dem Produkt selbst oder<br>unter Beschreibung\/weitere Informationen aufgef\u00fchrt. Gerne k\u00f6nnen Sie uns weitere Fragen zu der<br>Ware stellen. Das Angebot ist freibleibend und unverbindlich.<br>b. Die von Ihnen ausgew\u00e4hlte Ware wird in den Warenkorb gelegt. Sobald Sie sich f\u00fcr eine Ware<br>entschieden haben, k\u00f6nnen Sie diese zur Bestellung aufgeben. Sie werden Schritt f\u00fcr Schritt durch<br>den Bestellvorgang geleitet. Daf\u00fcr durchlaufen Sie die Schritte: &#8222;Wie m\u00f6chten Sie zur Kasse gehen&#8220;<br>(als Gast oder Registrierung), Rechnungsadresse, Lieferadresse, Versandart, Zahlungsinformation<br>und zuletzt erhalten Sie nochmals eine Bestell\u00fcbersicht mit Korrekturm\u00f6glichkeit. Im ersten<br>Bestellschritt k\u00f6nnen Sie sich auch durch Eingabe Ihrer E- Mail- Adresse und des von Ihnen in<br>fr\u00fcheren Bestellungen gew\u00e4hlten Passwortes anmelden. Um den Bestellvorgang abzuschlie\u00dfen,<br>m\u00fcssen Sie einen extra gekennzeichneten Button: &#8222;jetzt zahlungspflichtig bestellen&#8220; anklicken. Sie<br>sind f\u00fcr die richtige Angabe Ihrer pers\u00f6nlichen Daten verantwortlich. Soweit der Kunde das 18.<br>Lebensjahr noch nicht vollendet hat, ist die Zustimmung des\/der Erziehungsberechtigten f\u00fcr die<br>Bestellung der Ware erforderlich. Pflichtangaben im Bestellvorgang sind als solche gekennzeichnet.<br>c. Nach Aufgabe Ihrer Bestellung erhalten Sie eine technische Bestelleingangsbest\u00e4tigung auf der<br>Webseite und per E-Mail. In dieser automatischen Bestelleingangsbest\u00e4tigung auf der Webseite und<br>per E-Mail finden Sie ihre Bestellung wiedergegeben und als Dateianhang unsere Allgemeinen<br>Gesch\u00e4ftsbedingungen mit der Widerrufsbelehrung in Textform. Diese Bestelleingangsbest\u00e4tigung<br>stellt noch keine Bestellannahmeerkl\u00e4rung dar, da wir die Bestellung erst pr\u00fcfen. Pr\u00fcfen Sie bitte<br>die Best\u00e4tigung auf offensichtliche Schreib- und Rechenfehler sowie auf Abweichungen zwischen<br>Bestellung, Best\u00e4tigung und Lieferung. Sie sind verpflichtet, uns solche Unstimmigkeiten<br>unverz\u00fcglich mitzuteilen. Die Trouble In Mind GbR ist bei vorgefertigter Verkaufsware berechtigt,<br>dass von Ihnen abgegebene Angebot innerhalb von 2 Wochen anzunehmen. Der Kaufvertrag kommt<br>mit der Rechnung, sp\u00e4testens jedoch zustande, wenn wir Ihre Bestellung durch Lieferung der<br>Verkaufsware bzw. durch die Mitteilung der Auslieferung innerhalb der angegebenen Lieferfrist<br>annehmen.<br>1. Kenntnisnahme der AGB, Angebotsabgabe<br>Bevor Sie Ihre Bestellung abschicken, bzw. eine Verkaufsware nach Kundenspezifikation in Auftrag<br>geben, m\u00fcssen Sie best\u00e4tigen, dass Sie unsere AGB und die Widerrufsbelehrung zur Kenntnis<br>genommen und akzeptiert haben, bzw. haben Sie Gelegenheit, unsere AGB zu Kenntnis zu nehmen<br>und zu downloaden bzw. auszudrucken Indem Sie eine Bestellung im Rahmen des Bestellvorgangs<br>an die Trouble In Mind GbR absenden, bzw. bei nach Kundenspezifikation herzustellender Ware ein<br>&#8222;Angebot anfordern&#8220;, geben Sie ein Angebot i.S.d. \u00a7\u00a7 145 ff BGB auf Abschluss eines Kauf- bzw.<br>Werkvertrages mit der The Trouble In Mind GbR ab.<br>2. Annahme, Annahmeverweigerung, Nichtverf\u00fcgbarkeit von Ware<br>Wir behalten uns ferner f\u00fcr den jeweiligen Einzelfall vor, wenn eine gewissen Anzahl an bestellten<br>bereits vorgefertigten Merchandisingprodukten oder Tickets \u00fcberschritten wird, die Bestellung nicht<br>anzunehmen, um zu vermeiden, dass bei uns Ware in gro\u00dfen Mengen eingekauft und dann weiter<br>verkauft wird. Im Falle einer Nichtverf\u00fcgbarkeit der bestellten Waren wird der Kunde umgehend<br>dar\u00fcber informiert. Bereits erhaltene Gegenleistungen werden schnellstm\u00f6glich zur\u00fcckerstattet.<br>3. Vorbehalt der Lieferung<br>Im Falle einer Nichtverf\u00fcgbarkeit der bestellten Waren wird der Kunde umgehend dar\u00fcber<br>informiert. Bereits erhaltene Gegenleistungen werden schnellstm\u00f6glich zur\u00fcckerstattet. Der<br>Vertragsschluss erfolgt unter dem Vorbehalt, dass wir ordnungsgem\u00e4\u00df und rechtzeitig beliefert<br>werden, es sei denn, wir haben die nicht ordnungsgem\u00e4\u00dfe oder nicht rechtzeitige Lieferung zu<br>vertreten.<br>\u00a73 Preisbestandteile und Zahlungsbedingungen, Zahlungsarten, F\u00e4lligkeit, Rechnung<br>1. Alle Preise, die auf der Webseite<br>troubleinmind.de<br>angegeben sind, sind Endpreise zzgl.<br>Versandkosten. Gem\u00e4\u00df \u00a7 19 UStG erheben wir keine Umsatzsteuer und weisen diese folglich auch<br>nicht aus (Kleinunternehmerstatus). Alle Preisbestandteile finden Sie einzeln aufgef\u00fchrt und<br>nochmals unmittelbar unter dem Bestellbutton zusammengefasst. Eine \u00dcbersicht \u00fcber die<br>Versandkosten erh\u00e4lt man, wenn man den als Button ausgestatteten Link direkt neben der Ware<br>oder den Button unten links auf der Webseite anklickt. Es gelten die Preise zum Zeitpunkt der<br>Bestellung des Kunden. Die Geltungsdauer von befristeten Angeboten wird an den entsprechenden<br>Stellen auf den Webseiten angezeigt; diese Preise gelten solange der Vorrat reicht.<br>2. Der Kaufpreis wird mit Vertragsschluss zur Zahlung f\u00e4llig. Die Bezahlung durch den Kunden kann<br>durch Vorkasse oder PayPal erfolgen. Unser PayPal-Konto lautet:<br>shop@troubleinmind.de. Ein<br>Skontoabzug ist nur statthaft, wenn Ihnen dieser schriftlich gestattet wird.<br>3. Wenn wir bis 7 Tage nach Eingang Ihrer Bestellung noch keinen Geldeingang bei uns verzeichnen,<br>wird Ihre Bestellung automatisch storniert.<br>4. Sie erhalten mit jeder Warenlieferung eine detaillierte Rechnung. Diese Rechnung gilt zudem als<br>Kauf- bzw.- Auftragsnachweis und sollte deshalb sorgf\u00e4ltig aufbewahrt werden.<br>5. Der Kunde ist auch zur Zahlung von Bestellungen verpflichtet, welche durch Minderj\u00e4hrige oder<br>andere Mitnutzer verursacht worden sind und durch seinen Zugang erfolgt sind. Dies gilt auch bei<br>missbr\u00e4uchlicher Nutzung, soweit er nicht nachweist, dass ihm kein Verschulden zur Last zu legen<br>ist.<br>\u00a7 4 Versand- und Verpackungskosten, Versicherter Versand<br>1. Im Rahmen der Preisangabe (mit Ausnahmen von ggf. extra ausgewiesenen Sonderangeboten),<br>findet sich der Zusatz: &#8222;zzgl. Versandkosten.&#8220; Dabei ist das Wort &#8222;Versandkosten&#8220; als Button bzw.<br>Link ausgestattet, von dem aus Sie zu einer \u00dcbersicht der Versandkosten kommen. Die genauen<br>Versandkosten werden Ihnen im Rahmen des Bestellprozesses vor Abschluss des Bestellvorgangs<br>mitgeteilt.<br>2. Unser Versandpartner innerhalb von Deutschland ist DHL<br>http:\/\/www.dhl.de\/de.html<br>. Unsere<br>nationalen Warensendungen sind bis zu 500\u20ac versichert, dar\u00fcber hinaus k\u00f6nnen Sie unsere<br>Versendung nachverfolgen.<br>3. Bei dem Versand in L\u00e4nder au\u00dferhalb der EU ist unser Versandpartner die Deutsche<br>Post<br>http:\/\/www.deutschepost.de\/de\/produkte.html<br>. Dann tr\u00e4gt der Kunde alle evtl. entstehenden<br>Zollabgaben sowie Aus- und Einfuhrgeb\u00fchren.<br>4. Verpackungen gehen mit Erhalt der Ware in das Eigentum von dem Kunden \u00fcber.<br>\u00a7 5 Lieferung\/ Lieferfrist\/ Lieferverzug\/ Fixtermine\/ Teillieferungen\/ Gefahr\u00fcbergang\/ Einlagerung<br>1. Waren, die wir eingelagert haben, werden innerhalb von max. 10 Werktagen an den Kunden<br>verschickt. Die genaueren Lieferzeitr\u00e4ume werden Ihnen im Rahmen des Bestellvorgangs<br>mitgeteilt.<br>\u00a76 Eigentumsvorbehalt<br>1. S\u00e4mtliche Lieferungen erfolgen ausschlie\u00dflich unter Eigentumsvorbehalt. Bis zur vollst\u00e4ndigen<br>Zahlung des Kaufpreises bei Verbrauchern, bei Unternehmern bis zur Zahlung s\u00e4mtlicher<br>Forderungen von der Trouble In Mind GbR aus der Gesch\u00e4ftsbeziehungen mit diesen, verbleiben die<br>gelieferten Waren im Eigentum von Trouble In Mind GbR. Dem Kunden ist die Verpf\u00e4ndung und<br>Sicherungs\u00fcbereignung der Vorbehaltsware untersagt. Pf\u00e4ndungen oder sonstige belastende<br>Verf\u00fcgungen durch Dritte hat er uns unverz\u00fcglich mitzuteilen.<br>2. Bei vertragswidrigem Verhalten des Kunden sind wir berechtigt (aber nicht verpflichtet), vom<br>Vertrag zur\u00fcckzutreten und die Ware heraus zu verlangen.<br>3. Der Kunde, der Unternehmer ist, darf vor vollst\u00e4ndiger Bezahlung der Ware die gelieferte Ware<br>im Rahmen des gew\u00f6hnlichen Gesch\u00e4ftsverkehrs ver\u00e4u\u00dfern. In diesem Fall ist der Kunde jedoch<br>verpflichtet, das Eigentum der Trouble In Mind GbR seinen Abnehmern gegen\u00fcber offen zu legen<br>(weitergeleiteter Eigentumsvorbehalt). Des Weiteren tritt der Kunde schon jetzt diese Forderungen<br>aus dem Weiterverkauf mit allen Nebenrechten und Sicherheiten an die Trouble In Mind GbR bis<br>zum Ausgleich aller Forderungen, die Trouble In Mind GbR gegen den Kunden zustehen, ab. Wir<br>nehmen die Abtretung an. Wenn die Forderung aus dem Weiterverkauf in einem<br>Kontokorrentverh\u00e4ltnis zwischen dem Kunden und dessen Abnehmer eingestellt wird, so erstreckt<br>sich diese Sicherungsabtretung in gleicher H\u00f6he auf die Saldoforderungen (verl\u00e4ngerter<br>Eigentumsvorbehalt mit Vorauszession). Der Kunde darf die abgetretenen Forderungen einziehen,<br>solange Trouble In Mind GbR diese Erm\u00e4chtigung nicht widerruft. Zum Widerruf ist Trouble In Mind<br>GbR dann berechtigt, wenn die gesicherten Forderungen gef\u00e4hrdet werden, insbesondere, wenn der<br>Abnehmer mit seinen Zahlungen in Verzug ger\u00e4t. Die Einzugserm\u00e4chtigung erlischt ohne weiteres<br>zu dem Zeitpunkt, in dem der Abnehmer seine Zahlungen eingestellt hat oder wenn \u00fcber sein<br>Verm\u00f6gen durch ihn oder durch Dritte der Antrag auf Er\u00f6ffnung des Insolvenzverfahrens gestellt<br>wird. Nach dem Widerruf bzw. dem Erl\u00f6schen der Einzugserm\u00e4chtigung ist Trouble In Mind GbR<br>berechtigt und der Kunde verpflichtet, die Forderungsabtretung dem Abnehmer anzuzeigen. Der<br>Kunde hat sich dann jeder Einziehung zu enthalten und dann noch eingehende Betr\u00e4ge<br>unverz\u00fcglich an Trouble In Mind GbR weiterzuleiten. Der Kunde hat Trouble In Mind GbR auf<br>Verlangen jederzeit schriftlich mitzuteilen, an wen er die Liefergegenst\u00e4nde weiter ver\u00e4u\u00dfert hat<br>und alle Ausk\u00fcnfte sowie Unterlagen \u00fcber die abgetretenen Forderungen zu \u00fcbermitteln.<br>4. Die Be- und Verarbeitung der Ware durch den Kunden erfolgt stets im Namen und im Auftrag f\u00fcr<br>Trouble In Mind GbR. Erfolgt eine Verarbeitung mit uns nicht geh\u00f6renden Materialien, so erwerben<br>wir an der neuen Sache das Miteigentum im Verh\u00e4ltnis zum Wert der von uns gelieferten Ware zu<br>den sonstigen verarbeiteten Materialien. Dasselbe gilt, wenn die Merchandisingprodukte mit<br>anderen, uns nicht geh\u00f6renden Materialien vermischt werden.<br>\u00a7 7 Gebrauchshinweise<br>Der Kunde verpflichtet sich, die dem Merchandisingprodukten ggf. beiliegenden<br>Bedienungsanleitungen sowie Gebrauchshinweise zu beachten, um so eine sachgem\u00e4\u00dfe und<br>sichere Verwendung der Merchandisingprodukte zu gew\u00e4hrleisten. Ein nicht bestimmungsgem\u00e4\u00dfer<br>oder unsachgem\u00e4\u00dfer Gebrauch schlie\u00dft Mangelanspr\u00fcche aus.<br>\u00a7 8 Widerruf<br>Die Trouble In Mind GbR gew\u00e4hrt dem Kunden, der Verbraucher ist, das gesetzliche Widerrufsrecht<br>im Fernabsatz (gem\u00e4\u00df der Anlage 1 zu Artikel 246a \u00a7 1 Absatz 2 Satz 2 EGBGB)<br>\u00a7 9 Haftung<br>1. Unsere Haftung auf Schadensersatz ist &#8211; gleich aus welchem Rechtsgrund &#8211; auf Vorsatz und grobe<br>Fahrl\u00e4ssigkeit beschr\u00e4nkt. Dies gilt nicht f\u00fcr Sch\u00e4den aus der Verletzung des Lebens, des K\u00f6rpers<br>oder der Gesundheit, die auf einer vors\u00e4tzlichen oder fahrl\u00e4ssigen Pflichtverletzung unsererseits<br>beruht oder f\u00fcr Anspr\u00fcche nach dem Produkthaftungsgesetz. Die Haftungsbeschr\u00e4nkungen gelten<br>ebenfalls nicht f\u00fcr sonstige Sch\u00e4den, die auf einer vors\u00e4tzlichen oder grob fahrl\u00e4ssigen<br>Pflichtverletzung oder auf einem die wesentlichen Vertragspflichten schuldhaft verletzenden<br>Verhalten unsererseits beruht, bei letzterem ist aber die Haftung auf die bei Vertragsschluss<br>typischerweise vorhersehbaren Sch\u00e4den begrenzt. Wir haften auch f\u00fcr unsere gesetzlichen<br>Vertreter und Erf\u00fcllungsgehilfen.<br>2.Soweit eine Haftung f\u00fcr Sch\u00e4den, die nicht auf der Verletzung von Leben, K\u00f6rper oder Gesundheit<br>des Kunden beruhen, f\u00fcr leichte Fahrl\u00e4ssigkeit nicht ausgeschlossen sind, verj\u00e4hren diese<br>Anspr\u00fcche innerhalb eines Jahres beginnend mit der Entstehung des Anspruchs.<br>\u00a7 10 Datenschutz<br>1. Die Behandlung der \u00fcberlassenen Daten erfolgt in \u00dcbereinstimmung mit den gesetzlichen<br>Bestimmungen. Weitere Einzelheiten finden Sie auf der Startseite unten unter der Rubrik:<br>\u201cDatenschutz.\u201c<br>2. Jeder Kunde hat das Recht, jederzeit \u00fcber die bei dem Trouble In Mind Online-Shop \u00fcber ihn<br>gespeicherten Daten Auskunft zu verlangen und gegebenenfalls l\u00f6schen zu lassen. Der Trouble In<br>Mind Online-Shop steht dem Kunden hierzu unter<br>shop@troubleindmind.de<br>zur Verf\u00fcgung.<br>\u00a7 11 Sonstiges \/ Schlussbestimmungen<br>1. Der Kunde ist verpflichtet, Trouble In Mind GbR von jeder \u00c4nderung seiner Anschrift unverz\u00fcglich<br>zu unterrichten. Solange eine solche Mitteilung durch den Kunden nicht nachgewiesen werden<br>kann, gilt die bis dahin bekannte Anschrift als weiterhin g\u00fcltige Anschrift des Kunden.<br>2. Das Recht zur Aufrechnung steht Ihnen nur zu, wenn Ihre Gegenanspr\u00fcche rechtskr\u00e4ftig<br>festgestellt wurden oder wir diese schriftlich best\u00e4tigt haben. Die Aus\u00fcbung eines<br>Zur\u00fcckbehaltungsrechts ist nur m\u00f6glich, wenn der Gegenanspruch auf demselben<br>Vertragsverh\u00e4ltnis beruht.<br>3. Nebenabreden, \u00c4nderungen und Erg\u00e4nzungen im unternehmerischen Verkehr bed\u00fcrfen der<br>Schriftform. Das gilt auch f\u00fcr die Ab\u00e4nderung des Schriftformerfordernisses selbst.<br>4. Es gilt das Recht der Bundesrepublik Deutschland ohne die Verweisungsnormen des<br>Internationalen Privatrechts und unter Ausschluss des UN-Kaufrechts, letzteres soweit der Kunde<br>Unternehmer ist. Die Rechtswahlklausel ist dann nicht wirksam, wenn spezielle<br>Verbrauchsvorschriften im Heimatland des Kunden, der Verbraucher ist, g\u00fcnstiger sind.<br>5. Soweit eine Gerichtsstandvereinbarung ausschlie\u00dflich im unternehmerischen Verkehr zul\u00e4ssig ist,<br>ist der Gerichtsstand am jeweiligen aktuellen Sitz von Trouble In Mind GbR Erf\u00fcllungsort ist<br>ebenfalls der aktuelle Sitz von The Trouble In Mind GbR. Dies gilt nicht f\u00fcr unseren Kunden, der<br>Verbraucher ist, dort ist der Erf\u00fcllungsort der Wohnsitz des Kunden bzw. der vom Kunden benannte<br>Lieferort.<br>6. Soweit einzelne Bestimmungen dieser AGB unwirksam sein sollten oder werden, wird dadurch die<br>Rechtsg\u00fcltigkeit der \u00fcbrigen Bestimmungen nicht beeinflusst. Entsprechendes gilt f\u00fcr etwaige<br>Vertragsl\u00fccken.<\/p>\t\t\t\t\t\t\t\t<\/div>\n\t\t\t\t<\/div>\n\t\t\t\t\t<\/div>\n\t\t<\/div>\n\t\t\t\t\t<\/div>\n\t\t<\/section>\n\t\t\t\t<\/div>","protected":false},"excerpt":{"rendered":"<p>Allgemeine Gesch\u00e4ftsbedingungen Allgemeine Gesch\u00e4ftsbedingungen f\u00fcr Trouble in Mind &#8211; Onlineshop, betrieben von derTrouble In Mind GbR,Zobelstr. 15,63741 Aschaffenburg,Deutschland Steuernummer: 204\/153\/51004Kein Umsatzsteuerausweis aufgrund Anwendung der Kleinunternehmerregelung gem\u00e4\u00df \u00a7 19 UStG. \u00a7 1 Allgemeine Informationen, angebotene Dienstleistungen1. Trouble In Mind GbR betreibt unter der Domain https:\/\/troubleinmind.de einen Online-Shop. Die Trouble In Mind GbR bietet seinen Kunden auf [&hellip;]<\/p>\n","protected":false},"author":1,"featured_media":0,"parent":0,"menu_order":0,"comment_status":"closed","ping_status":"closed","template":"elementor_header_footer","meta":{"_acf_changed":false,"footnotes":""},"class_list":["post-244","page","type-page","status-publish","hentry"],"acf":[],"yoast_head":"<!-- This site is optimized with the Yoast SEO plugin v27.4 - https:\/\/yoast.com\/product\/yoast-seo-wordpress\/ -->\n<title>Allgemeine Gesch\u00e4ftsbedingungen - Trouble in Mind<\/title>\n<meta name=\"robots\" content=\"index, follow, max-snippet:-1, max-image-preview:large, max-video-preview:-1\" \/>\n<link rel=\"canonical\" href=\"https:\/\/troubleinmind.de\/en\/agbs\/\" \/>\n<meta property=\"og:locale\" content=\"en_US\" \/>\n<meta property=\"og:type\" content=\"article\" \/>\n<meta property=\"og:title\" content=\"Allgemeine Gesch\u00e4ftsbedingungen - Trouble in Mind\" \/>\n<meta property=\"og:description\" content=\"Allgemeine Gesch\u00e4ftsbedingungen Allgemeine Gesch\u00e4ftsbedingungen f\u00fcr Trouble in Mind &#8211; Onlineshop, betrieben von derTrouble In Mind GbR,Zobelstr. 15,63741 Aschaffenburg,Deutschland Steuernummer: 204\/153\/51004Kein Umsatzsteuerausweis aufgrund Anwendung der Kleinunternehmerregelung gem\u00e4\u00df \u00a7 19 UStG. \u00a7 1 Allgemeine Informationen, angebotene Dienstleistungen1. Trouble In Mind GbR betreibt unter der Domain https:\/\/troubleinmind.de einen Online-Shop. Die Trouble In Mind GbR bietet seinen Kunden auf [&hellip;]\" \/>\n<meta property=\"og:url\" content=\"https:\/\/troubleinmind.de\/en\/agbs\/\" \/>\n<meta property=\"og:site_name\" content=\"Trouble in Mind\" \/>\n<meta property=\"article:modified_time\" content=\"2023-06-26T15:26:22+00:00\" \/>\n<meta name=\"twitter:card\" content=\"summary_large_image\" \/>\n<meta name=\"twitter:label1\" content=\"Est. reading time\" \/>\n\t<meta name=\"twitter:data1\" content=\"12 minutes\" \/>\n<script type=\"application\/ld+json\" class=\"yoast-schema-graph\">{\"@context\":\"https:\\\/\\\/schema.org\",\"@graph\":[{\"@type\":\"WebPage\",\"@id\":\"https:\\\/\\\/troubleinmind.de\\\/agbs\\\/\",\"url\":\"https:\\\/\\\/troubleinmind.de\\\/agbs\\\/\",\"name\":\"Allgemeine Gesch\u00e4ftsbedingungen - Trouble in Mind\",\"isPartOf\":{\"@id\":\"https:\\\/\\\/troubleinmind.de\\\/#website\"},\"datePublished\":\"2019-05-22T17:14:19+00:00\",\"dateModified\":\"2023-06-26T15:26:22+00:00\",\"breadcrumb\":{\"@id\":\"https:\\\/\\\/troubleinmind.de\\\/agbs\\\/#breadcrumb\"},\"inLanguage\":\"en-US\",\"potentialAction\":[{\"@type\":\"ReadAction\",\"target\":[\"https:\\\/\\\/troubleinmind.de\\\/agbs\\\/\"]}]},{\"@type\":\"BreadcrumbList\",\"@id\":\"https:\\\/\\\/troubleinmind.de\\\/agbs\\\/#breadcrumb\",\"itemListElement\":[{\"@type\":\"ListItem\",\"position\":1,\"name\":\"Startseite\",\"item\":\"https:\\\/\\\/troubleinmind.de\\\/\"},{\"@type\":\"ListItem\",\"position\":2,\"name\":\"Allgemeine Gesch\u00e4ftsbedingungen\"}]},{\"@type\":\"WebSite\",\"@id\":\"https:\\\/\\\/troubleinmind.de\\\/#website\",\"url\":\"https:\\\/\\\/troubleinmind.de\\\/\",\"name\":\"Trouble in Mind\",\"description\":\"\",\"potentialAction\":[{\"@type\":\"SearchAction\",\"target\":{\"@type\":\"EntryPoint\",\"urlTemplate\":\"https:\\\/\\\/troubleinmind.de\\\/?s={search_term_string}\"},\"query-input\":{\"@type\":\"PropertyValueSpecification\",\"valueRequired\":true,\"valueName\":\"search_term_string\"}}],\"inLanguage\":\"en-US\"}]}<\/script>\n<!-- \/ Yoast SEO plugin. -->","yoast_head_json":{"title":"Allgemeine Gesch\u00e4ftsbedingungen - Trouble in Mind","robots":{"index":"index","follow":"follow","max-snippet":"max-snippet:-1","max-image-preview":"max-image-preview:large","max-video-preview":"max-video-preview:-1"},"canonical":"https:\/\/troubleinmind.de\/en\/agbs\/","og_locale":"en_US","og_type":"article","og_title":"Allgemeine Gesch\u00e4ftsbedingungen - Trouble in Mind","og_description":"Allgemeine Gesch\u00e4ftsbedingungen Allgemeine Gesch\u00e4ftsbedingungen f\u00fcr Trouble in Mind &#8211; Onlineshop, betrieben von derTrouble In Mind GbR,Zobelstr. 15,63741 Aschaffenburg,Deutschland Steuernummer: 204\/153\/51004Kein Umsatzsteuerausweis aufgrund Anwendung der Kleinunternehmerregelung gem\u00e4\u00df \u00a7 19 UStG. \u00a7 1 Allgemeine Informationen, angebotene Dienstleistungen1. Trouble In Mind GbR betreibt unter der Domain https:\/\/troubleinmind.de einen Online-Shop. Die Trouble In Mind GbR bietet seinen Kunden auf [&hellip;]","og_url":"https:\/\/troubleinmind.de\/en\/agbs\/","og_site_name":"Trouble in Mind","article_modified_time":"2023-06-26T15:26:22+00:00","twitter_card":"summary_large_image","twitter_misc":{"Est. reading time":"12 minutes"},"schema":{"@context":"https:\/\/schema.org","@graph":[{"@type":"WebPage","@id":"https:\/\/troubleinmind.de\/agbs\/","url":"https:\/\/troubleinmind.de\/agbs\/","name":"Allgemeine Gesch\u00e4ftsbedingungen - Trouble in Mind","isPartOf":{"@id":"https:\/\/troubleinmind.de\/#website"},"datePublished":"2019-05-22T17:14:19+00:00","dateModified":"2023-06-26T15:26:22+00:00","breadcrumb":{"@id":"https:\/\/troubleinmind.de\/agbs\/#breadcrumb"},"inLanguage":"en-US","potentialAction":[{"@type":"ReadAction","target":["https:\/\/troubleinmind.de\/agbs\/"]}]},{"@type":"BreadcrumbList","@id":"https:\/\/troubleinmind.de\/agbs\/#breadcrumb","itemListElement":[{"@type":"ListItem","position":1,"name":"Startseite","item":"https:\/\/troubleinmind.de\/"},{"@type":"ListItem","position":2,"name":"Allgemeine Gesch\u00e4ftsbedingungen"}]},{"@type":"WebSite","@id":"https:\/\/troubleinmind.de\/#website","url":"https:\/\/troubleinmind.de\/","name":"Trouble in Mind","description":"","potentialAction":[{"@type":"SearchAction","target":{"@type":"EntryPoint","urlTemplate":"https:\/\/troubleinmind.de\/?s={search_term_string}"},"query-input":{"@type":"PropertyValueSpecification","valueRequired":true,"valueName":"search_term_string"}}],"inLanguage":"en-US"}]}},"_links":{"self":[{"href":"https:\/\/troubleinmind.de\/en\/wp-json\/wp\/v2\/pages\/244","targetHints":{"allow":["GET"]}}],"collection":[{"href":"https:\/\/troubleinmind.de\/en\/wp-json\/wp\/v2\/pages"}],"about":[{"href":"https:\/\/troubleinmind.de\/en\/wp-json\/wp\/v2\/types\/page"}],"author":[{"embeddable":true,"href":"https:\/\/troubleinmind.de\/en\/wp-json\/wp\/v2\/users\/1"}],"replies":[{"embeddable":true,"href":"https:\/\/troubleinmind.de\/en\/wp-json\/wp\/v2\/comments?post=244"}],"version-history":[{"count":18,"href":"https:\/\/troubleinmind.de\/en\/wp-json\/wp\/v2\/pages\/244\/revisions"}],"predecessor-version":[{"id":7422,"href":"https:\/\/troubleinmind.de\/en\/wp-json\/wp\/v2\/pages\/244\/revisions\/7422"}],"wp:attachment":[{"href":"https:\/\/troubleinmind.de\/en\/wp-json\/wp\/v2\/media?parent=244"}],"curies":[{"name":"wp","href":"https:\/\/api.w.org\/{rel}","templated":true}]}}