{"id":6854,"date":"2023-05-14T17:50:23","date_gmt":"2023-05-14T15:50:23","guid":{"rendered":"https:\/\/troubleinmind.de\/?page_id=6854"},"modified":"2023-06-01T17:43:59","modified_gmt":"2023-06-01T15:43:59","slug":"info","status":"publish","type":"page","link":"https:\/\/troubleinmind.de\/de_de\/info\/","title":{"rendered":"Info"},"content":{"rendered":"\t\t<div data-elementor-type=\"wp-page\" data-elementor-id=\"6854\" class=\"elementor elementor-6854\" data-elementor-post-type=\"page\">\n\t\t\t\t\t\t<section class=\"elementor-section elementor-top-section elementor-element elementor-element-cf15a9e elementor-section-boxed elementor-section-height-default elementor-section-height-default\" data-id=\"cf15a9e\" data-element_type=\"section\" data-e-type=\"section\">\n\t\t\t\t\t\t<div class=\"elementor-container elementor-column-gap-default\">\n\t\t\t\t\t<div class=\"elementor-column elementor-col-50 elementor-top-column elementor-element elementor-element-6ce3a1c\" data-id=\"6ce3a1c\" data-element_type=\"column\" data-e-type=\"column\">\n\t\t\t<div class=\"elementor-widget-wrap elementor-element-populated\">\n\t\t\t\t\t\t<div class=\"elementor-element elementor-element-35bccb8 elementor-widget elementor-widget-heading\" data-id=\"35bccb8\" data-element_type=\"widget\" data-e-type=\"widget\" data-widget_type=\"heading.default\">\n\t\t\t\t<div class=\"elementor-widget-container\">\n\t\t\t\t\t<h2 class=\"elementor-heading-title elementor-size-default\">Trouble In Mind - <br>authentischer Rockabilly aus Aschaffenburg<\/b><\/h2>\t\t\t\t<\/div>\n\t\t\t\t<\/div>\n\t\t\t\t<div class=\"elementor-element elementor-element-0eea5f7 elementor-widget elementor-widget-text-editor\" data-id=\"0eea5f7\" data-element_type=\"widget\" data-e-type=\"widget\" data-widget_type=\"text-editor.default\">\n\t\t\t\t<div class=\"elementor-widget-container\">\n\t\t\t\t\t\t\t\t\tDas Trio, bestehend aus BUSCH (Gitarre, Gesang), TASSO \n(Kontrabass) und CHRIS (Rhythmus Gitarre, Background Gesang), orientiert sich am fr\u00fchen Rock\u2019n\u2019Roll und kombiniert ihren eigenen Stil mit Einfl\u00fcssen aus Blues und Western Swing. Zwei Jahre nach ihrer Gr\u00fcndung ver\u00f6ffentlichten sie 2018 ihr Debut-Album &#8222;Whole Lotta Trouble&#8220;. Es war der Beginn zahlreicher Konzerte in \nDeutschland sowie ersten Auftritten in Griechenland und der Schweiz. 2019 und 2020 ver\u00f6ffentlichten sie mehrere Singles, darunter &#8222;Hey Lil Girl&#8220;, &#8222;Drifting Away&#8220; und &#8222;Promised Land&#8220;, welche bei den Aufnahmen im Black Shack Recordings Studio von Ian Bowerman, aka Dollar Bill, am Schlagzeug begleitet wurden. Im Laufe der Jahre hat das Trio eine wachsende Anzahl an neuen, ausschlie\u00dflich eigenen Songs hervorgebracht, von denen zw\u00f6lf auf ihrer zweiten LP &#8222;Hang On&#8220; zu h\u00f6ren sind.\t\t\t\t\t\t\t\t<\/div>\n\t\t\t\t<\/div>\n\t\t\t\t\t<\/div>\n\t\t<\/div>\n\t\t\t\t<div class=\"elementor-column elementor-col-50 elementor-top-column elementor-element elementor-element-045a254\" data-id=\"045a254\" data-element_type=\"column\" data-e-type=\"column\">\n\t\t\t<div class=\"elementor-widget-wrap elementor-element-populated\">\n\t\t\t\t\t\t<div class=\"elementor-element elementor-element-4663f08 elementor-widget elementor-widget-image\" data-id=\"4663f08\" data-element_type=\"widget\" data-e-type=\"widget\" data-widget_type=\"image.default\">\n\t\t\t\t<div class=\"elementor-widget-container\">\n\t\t\t\t\t\t\t\t\t\t\t\t\t\t\t<img fetchpriority=\"high\" decoding=\"async\" width=\"1536\" height=\"1208\" src=\"https:\/\/troubleinmind.de\/wp-content\/uploads\/2023\/05\/TroubleInMind_Press_2023-1536x1208.jpg\" class=\"attachment-1536x1536 size-1536x1536 wp-image-6857\" alt=\"\" srcset=\"https:\/\/troubleinmind.de\/wp-content\/uploads\/2023\/05\/TroubleInMind_Press_2023-1536x1208.jpg 1536w, https:\/\/troubleinmind.de\/wp-content\/uploads\/2023\/05\/TroubleInMind_Press_2023-600x472.jpg 600w, https:\/\/troubleinmind.de\/wp-content\/uploads\/2023\/05\/TroubleInMind_Press_2023-632x497.jpg 632w, https:\/\/troubleinmind.de\/wp-content\/uploads\/2023\/05\/TroubleInMind_Press_2023-1020x802.jpg 1020w, https:\/\/troubleinmind.de\/wp-content\/uploads\/2023\/05\/TroubleInMind_Press_2023-768x604.jpg 768w, https:\/\/troubleinmind.de\/wp-content\/uploads\/2023\/05\/TroubleInMind_Press_2023-2048x1610.jpg 2048w, https:\/\/troubleinmind.de\/wp-content\/uploads\/2023\/05\/TroubleInMind_Press_2023-15x12.jpg 15w\" sizes=\"(max-width: 1536px) 100vw, 1536px\" \/>\t\t\t\t\t\t\t\t\t\t\t\t\t\t\t<\/div>\n\t\t\t\t<\/div>\n\t\t\t\t\t<\/div>\n\t\t<\/div>\n\t\t\t\t\t<\/div>\n\t\t<\/section>\n\t\t\t\t<section class=\"elementor-section elementor-top-section elementor-element elementor-element-7a6dc5e elementor-section-boxed elementor-section-height-default elementor-section-height-default\" data-id=\"7a6dc5e\" data-element_type=\"section\" data-e-type=\"section\">\n\t\t\t\t\t\t<div class=\"elementor-container elementor-column-gap-default\">\n\t\t\t\t\t<div class=\"elementor-column elementor-col-100 elementor-top-column elementor-element elementor-element-4a01427\" data-id=\"4a01427\" data-element_type=\"column\" data-e-type=\"column\">\n\t\t\t<div class=\"elementor-widget-wrap elementor-element-populated\">\n\t\t\t\t\t\t<div class=\"elementor-element elementor-element-ef2e9ac elementor-widget elementor-widget-heading\" data-id=\"ef2e9ac\" data-element_type=\"widget\" data-e-type=\"widget\" data-widget_type=\"heading.default\">\n\t\t\t\t<div class=\"elementor-widget-container\">\n\t\t\t\t\t<h2 class=\"elementor-heading-title elementor-size-default\">Kontaktinformationen<\/h2>\t\t\t\t<\/div>\n\t\t\t\t<\/div>\n\t\t\t\t<div class=\"elementor-element elementor-element-936eccf elementor-widget elementor-widget-text-editor\" data-id=\"936eccf\" data-element_type=\"widget\" data-e-type=\"widget\" data-widget_type=\"text-editor.default\">\n\t\t\t\t<div class=\"elementor-widget-container\">\n\t\t\t\t\t\t\t\t\t<a href=\"mailto:booking@troubleinmind.de\">booking@troubleinmind.de<\/a>\t\t\t\t\t\t\t\t<\/div>\n\t\t\t\t<\/div>\n\t\t\t\t<div class=\"elementor-element elementor-element-66909c3 elementor-widget elementor-widget-wpforms\" data-id=\"66909c3\" data-element_type=\"widget\" data-e-type=\"widget\" data-widget_type=\"wpforms.default\">\n\t\t\t\t<div class=\"elementor-widget-container\">\n\t\t\t\t\t<div class=\"wpforms-container wpforms-container-full\" id=\"wpforms-28\"><form id=\"wpforms-form-28\" class=\"wpforms-validate wpforms-form\" data-formid=\"28\" method=\"post\" enctype=\"multipart\/form-data\" action=\"\/de_de\/wp-json\/wp\/v2\/pages\/6854\" data-token=\"15296f538c05cdf6d1f731f9bd0fb810\" data-token-time=\"1776960730\"><noscript class=\"wpforms-error-noscript\">Bitte aktiviere JavaScript in deinem Browser, um dieses Formular fertigzustellen.<\/noscript><div class=\"wpforms-field-container\"><div id=\"wpforms-28-field_1-container\" class=\"wpforms-field wpforms-field-text\" data-field-id=\"1\"><label class=\"wpforms-field-label\" for=\"wpforms-28-field_1\">Name <span class=\"wpforms-required-label\">*<\/span><\/label><input type=\"text\" id=\"wpforms-28-field_1\" class=\"wpforms-field-medium wpforms-field-required\" name=\"wpforms[fields][1]\" required><\/div><div id=\"wpforms-28-field_3-container\" class=\"wpforms-field wpforms-field-email\" data-field-id=\"3\"><label class=\"wpforms-field-label\" for=\"wpforms-28-field_3\">E-Mail-Adresse <span class=\"wpforms-required-label\">*<\/span><\/label><input type=\"email\" id=\"wpforms-28-field_3\" class=\"wpforms-field-medium wpforms-field-required\" name=\"wpforms[fields][3]\" spellcheck=\"false\" required><\/div><div id=\"wpforms-28-field_6-container\" class=\"wpforms-field wpforms-field-text\" data-field-id=\"6\"><label class=\"wpforms-field-label\" for=\"wpforms-28-field_6\">Betreff<\/label><input type=\"text\" id=\"wpforms-28-field_6\" class=\"wpforms-field-medium\" name=\"wpforms[fields][6]\" ><\/div><div id=\"wpforms-28-field_5-container\" class=\"wpforms-field wpforms-field-textarea\" data-field-id=\"5\"><label class=\"wpforms-field-label\" for=\"wpforms-28-field_5\">Ihre Anfrage <span class=\"wpforms-required-label\">*<\/span><\/label><textarea id=\"wpforms-28-field_5\" class=\"wpforms-field-medium wpforms-field-required\" name=\"wpforms[fields][5]\" required><\/textarea><\/div><div id=\"wpforms-28-field_8-container\" class=\"wpforms-field wpforms-field-gdpr-checkbox\" data-field-id=\"8\"><label class=\"wpforms-field-label\">Datenschutzerkl\u00e4rung  \/ Privacy Policy <span class=\"wpforms-required-label\">*<\/span><\/label><ul id=\"wpforms-28-field_8\" class=\"wpforms-field-required\"><li class=\"choice-1\"><input type=\"checkbox\" id=\"wpforms-28-field_8_1\" name=\"wpforms[fields][8][]\" value=\"Ich stimme den  &lt;a href=&quot;\/de_de\/datenschutz\/&quot;&gt;Datenschutzrichtlinien &lt;\/a&gt;der Seite zu\" required ><label class=\"wpforms-field-label-inline\" for=\"wpforms-28-field_8_1\">Ich stimme den  <a href=\"\/de_de\/datenschutz\/\">Datenschutzrichtlinien <\/a>der Seite zu<\/label><\/li><\/ul><\/div><\/div><!-- .wpforms-field-container --><div class=\"wpforms-field wpforms-field-hp\"><label for=\"wpforms-28-field-hp\" class=\"wpforms-field-label\">Message<\/label><input type=\"text\" name=\"wpforms[hp]\" id=\"wpforms-28-field-hp\" class=\"wpforms-field-medium\"><\/div><div class=\"wpforms-recaptcha-container wpforms-is-recaptcha wpforms-is-recaptcha-type-v2\" ><div class=\"g-recaptcha\" data-sitekey=\"6LcZh7kZAAAAAOsvc8TJ2ly2K-AynpKGrzGcdF72\"><\/div><input type=\"text\" name=\"g-recaptcha-hidden\" class=\"wpforms-recaptcha-hidden\" style=\"position:absolute!important;clip:rect(0,0,0,0)!important;height:1px!important;width:1px!important;border:0!important;overflow:hidden!important;padding:0!important;margin:0!important;\" data-rule-recaptcha=\"1\"><\/div><div class=\"wpforms-submit-container\" ><input type=\"hidden\" name=\"wpforms[id]\" value=\"28\"><input type=\"hidden\" name=\"page_title\" value=\"\"><input type=\"hidden\" name=\"page_url\" value=\"https:\/\/troubleinmind.de\/de_de\/wp-json\/wp\/v2\/pages\/6854\"><input type=\"hidden\" name=\"url_referer\" value=\"\"><button type=\"submit\" name=\"wpforms[submit]\" id=\"wpforms-submit-28\" class=\"wpforms-submit\" data-alt-text=\"Sende...\" data-submit-text=\"Senden\" aria-live=\"assertive\" value=\"wpforms-submit\">Senden<\/button><\/div><\/form><\/div>  <!-- .wpforms-container -->\t\t\t\t<\/div>\n\t\t\t\t<\/div>\n\t\t\t\t\t<\/div>\n\t\t<\/div>\n\t\t\t\t\t<\/div>\n\t\t<\/section>\n\t\t\t\t<\/div>\n\t\t","protected":false},"excerpt":{"rendered":"<p>Trouble In Mind &#8211; authentischer Rockabilly aus Aschaffenburg Das Trio, bestehend aus BUSCH (Gitarre, Gesang), TASSO (Kontrabass) und CHRIS (Rhythmus Gitarre, Background Gesang), orientiert sich am fr\u00fchen Rock\u2019n\u2019Roll und kombiniert ihren eigenen Stil mit Einfl\u00fcssen aus Blues und Western Swing. Zwei Jahre nach ihrer Gr\u00fcndung ver\u00f6ffentlichten sie 2018 ihr Debut-Album &#8222;Whole Lotta Trouble&#8220;. Es war [&hellip;]<\/p>\n","protected":false},"author":1,"featured_media":0,"parent":0,"menu_order":0,"comment_status":"closed","ping_status":"closed","template":"elementor_header_footer","meta":{"_acf_changed":false,"footnotes":""},"class_list":["post-6854","page","type-page","status-publish","hentry"],"acf":[],"yoast_head":"<!-- This site is optimized with the Yoast SEO plugin v27.4 - https:\/\/yoast.com\/product\/yoast-seo-wordpress\/ -->\n<title>Info - Trouble in Mind<\/title>\n<meta name=\"robots\" content=\"index, follow, max-snippet:-1, max-image-preview:large, max-video-preview:-1\" \/>\n<link rel=\"canonical\" href=\"https:\/\/troubleinmind.de\/de_de\/info\/\" \/>\n<meta property=\"og:locale\" content=\"de_DE\" \/>\n<meta property=\"og:type\" content=\"article\" \/>\n<meta property=\"og:title\" content=\"Info - Trouble in Mind\" \/>\n<meta property=\"og:description\" content=\"Trouble In Mind &#8211; authentischer Rockabilly aus Aschaffenburg Das Trio, bestehend aus BUSCH (Gitarre, Gesang), TASSO (Kontrabass) und CHRIS (Rhythmus Gitarre, Background Gesang), orientiert sich am fr\u00fchen Rock\u2019n\u2019Roll und kombiniert ihren eigenen Stil mit Einfl\u00fcssen aus Blues und Western Swing. Zwei Jahre nach ihrer Gr\u00fcndung ver\u00f6ffentlichten sie 2018 ihr Debut-Album &#8222;Whole Lotta Trouble&#8220;. Es war [&hellip;]\" \/>\n<meta property=\"og:url\" content=\"https:\/\/troubleinmind.de\/de_de\/info\/\" \/>\n<meta property=\"og:site_name\" content=\"Trouble in Mind\" \/>\n<meta property=\"article:modified_time\" content=\"2023-06-01T15:43:59+00:00\" \/>\n<meta property=\"og:image\" content=\"https:\/\/troubleinmind.de\/wp-content\/uploads\/2023\/05\/TroubleInMind_Press_2023-1536x1208.jpg\" \/>\n<meta name=\"twitter:card\" content=\"summary_large_image\" \/>\n<meta name=\"twitter:label1\" content=\"Gesch\u00e4tzte Lesezeit\" \/>\n\t<meta name=\"twitter:data1\" content=\"2\u00a0Minuten\" \/>\n<script type=\"application\/ld+json\" class=\"yoast-schema-graph\">{\"@context\":\"https:\\\/\\\/schema.org\",\"@graph\":[{\"@type\":\"WebPage\",\"@id\":\"https:\\\/\\\/troubleinmind.de\\\/info\\\/\",\"url\":\"https:\\\/\\\/troubleinmind.de\\\/info\\\/\",\"name\":\"Info - Trouble in Mind\",\"isPartOf\":{\"@id\":\"https:\\\/\\\/troubleinmind.de\\\/#website\"},\"primaryImageOfPage\":{\"@id\":\"https:\\\/\\\/troubleinmind.de\\\/info\\\/#primaryimage\"},\"image\":{\"@id\":\"https:\\\/\\\/troubleinmind.de\\\/info\\\/#primaryimage\"},\"thumbnailUrl\":\"https:\\\/\\\/troubleinmind.de\\\/wp-content\\\/uploads\\\/2023\\\/05\\\/TroubleInMind_Press_2023-1536x1208.jpg\",\"datePublished\":\"2023-05-14T15:50:23+00:00\",\"dateModified\":\"2023-06-01T15:43:59+00:00\",\"breadcrumb\":{\"@id\":\"https:\\\/\\\/troubleinmind.de\\\/info\\\/#breadcrumb\"},\"inLanguage\":\"de\",\"potentialAction\":[{\"@type\":\"ReadAction\",\"target\":[\"https:\\\/\\\/troubleinmind.de\\\/info\\\/\"]}]},{\"@type\":\"ImageObject\",\"inLanguage\":\"de\",\"@id\":\"https:\\\/\\\/troubleinmind.de\\\/info\\\/#primaryimage\",\"url\":\"https:\\\/\\\/troubleinmind.de\\\/wp-content\\\/uploads\\\/2023\\\/05\\\/TroubleInMind_Press_2023-1536x1208.jpg\",\"contentUrl\":\"https:\\\/\\\/troubleinmind.de\\\/wp-content\\\/uploads\\\/2023\\\/05\\\/TroubleInMind_Press_2023-1536x1208.jpg\"},{\"@type\":\"BreadcrumbList\",\"@id\":\"https:\\\/\\\/troubleinmind.de\\\/info\\\/#breadcrumb\",\"itemListElement\":[{\"@type\":\"ListItem\",\"position\":1,\"name\":\"Startseite\",\"item\":\"https:\\\/\\\/troubleinmind.de\\\/\"},{\"@type\":\"ListItem\",\"position\":2,\"name\":\"Info\"}]},{\"@type\":\"WebSite\",\"@id\":\"https:\\\/\\\/troubleinmind.de\\\/#website\",\"url\":\"https:\\\/\\\/troubleinmind.de\\\/\",\"name\":\"Trouble in Mind\",\"description\":\"\",\"potentialAction\":[{\"@type\":\"SearchAction\",\"target\":{\"@type\":\"EntryPoint\",\"urlTemplate\":\"https:\\\/\\\/troubleinmind.de\\\/?s={search_term_string}\"},\"query-input\":{\"@type\":\"PropertyValueSpecification\",\"valueRequired\":true,\"valueName\":\"search_term_string\"}}],\"inLanguage\":\"de\"}]}<\/script>\n<!-- \/ Yoast SEO plugin. -->","yoast_head_json":{"title":"Info - Trouble in Mind","robots":{"index":"index","follow":"follow","max-snippet":"max-snippet:-1","max-image-preview":"max-image-preview:large","max-video-preview":"max-video-preview:-1"},"canonical":"https:\/\/troubleinmind.de\/de_de\/info\/","og_locale":"de_DE","og_type":"article","og_title":"Info - Trouble in Mind","og_description":"Trouble In Mind &#8211; authentischer Rockabilly aus Aschaffenburg Das Trio, bestehend aus BUSCH (Gitarre, Gesang), TASSO (Kontrabass) und CHRIS (Rhythmus Gitarre, Background Gesang), orientiert sich am fr\u00fchen Rock\u2019n\u2019Roll und kombiniert ihren eigenen Stil mit Einfl\u00fcssen aus Blues und Western Swing. Zwei Jahre nach ihrer Gr\u00fcndung ver\u00f6ffentlichten sie 2018 ihr Debut-Album &#8222;Whole Lotta Trouble&#8220;. Es war [&hellip;]","og_url":"https:\/\/troubleinmind.de\/de_de\/info\/","og_site_name":"Trouble in Mind","article_modified_time":"2023-06-01T15:43:59+00:00","og_image":[{"url":"https:\/\/troubleinmind.de\/wp-content\/uploads\/2023\/05\/TroubleInMind_Press_2023-1536x1208.jpg","type":"","width":"","height":""}],"twitter_card":"summary_large_image","twitter_misc":{"Gesch\u00e4tzte Lesezeit":"2\u00a0Minuten"},"schema":{"@context":"https:\/\/schema.org","@graph":[{"@type":"WebPage","@id":"https:\/\/troubleinmind.de\/info\/","url":"https:\/\/troubleinmind.de\/info\/","name":"Info - Trouble in Mind","isPartOf":{"@id":"https:\/\/troubleinmind.de\/#website"},"primaryImageOfPage":{"@id":"https:\/\/troubleinmind.de\/info\/#primaryimage"},"image":{"@id":"https:\/\/troubleinmind.de\/info\/#primaryimage"},"thumbnailUrl":"https:\/\/troubleinmind.de\/wp-content\/uploads\/2023\/05\/TroubleInMind_Press_2023-1536x1208.jpg","datePublished":"2023-05-14T15:50:23+00:00","dateModified":"2023-06-01T15:43:59+00:00","breadcrumb":{"@id":"https:\/\/troubleinmind.de\/info\/#breadcrumb"},"inLanguage":"de","potentialAction":[{"@type":"ReadAction","target":["https:\/\/troubleinmind.de\/info\/"]}]},{"@type":"ImageObject","inLanguage":"de","@id":"https:\/\/troubleinmind.de\/info\/#primaryimage","url":"https:\/\/troubleinmind.de\/wp-content\/uploads\/2023\/05\/TroubleInMind_Press_2023-1536x1208.jpg","contentUrl":"https:\/\/troubleinmind.de\/wp-content\/uploads\/2023\/05\/TroubleInMind_Press_2023-1536x1208.jpg"},{"@type":"BreadcrumbList","@id":"https:\/\/troubleinmind.de\/info\/#breadcrumb","itemListElement":[{"@type":"ListItem","position":1,"name":"Startseite","item":"https:\/\/troubleinmind.de\/"},{"@type":"ListItem","position":2,"name":"Info"}]},{"@type":"WebSite","@id":"https:\/\/troubleinmind.de\/#website","url":"https:\/\/troubleinmind.de\/","name":"Trouble in Mind","description":"","potentialAction":[{"@type":"SearchAction","target":{"@type":"EntryPoint","urlTemplate":"https:\/\/troubleinmind.de\/?s={search_term_string}"},"query-input":{"@type":"PropertyValueSpecification","valueRequired":true,"valueName":"search_term_string"}}],"inLanguage":"de"}]}},"_links":{"self":[{"href":"https:\/\/troubleinmind.de\/de_de\/wp-json\/wp\/v2\/pages\/6854","targetHints":{"allow":["GET"]}}],"collection":[{"href":"https:\/\/troubleinmind.de\/de_de\/wp-json\/wp\/v2\/pages"}],"about":[{"href":"https:\/\/troubleinmind.de\/de_de\/wp-json\/wp\/v2\/types\/page"}],"author":[{"embeddable":true,"href":"https:\/\/troubleinmind.de\/de_de\/wp-json\/wp\/v2\/users\/1"}],"replies":[{"embeddable":true,"href":"https:\/\/troubleinmind.de\/de_de\/wp-json\/wp\/v2\/comments?post=6854"}],"version-history":[{"count":22,"href":"https:\/\/troubleinmind.de\/de_de\/wp-json\/wp\/v2\/pages\/6854\/revisions"}],"predecessor-version":[{"id":7232,"href":"https:\/\/troubleinmind.de\/de_de\/wp-json\/wp\/v2\/pages\/6854\/revisions\/7232"}],"wp:attachment":[{"href":"https:\/\/troubleinmind.de\/de_de\/wp-json\/wp\/v2\/media?parent=6854"}],"curies":[{"name":"wp","href":"https:\/\/api.w.org\/{rel}","templated":true}]}}